{"id":91573,"date":"2023-08-09T00:25:30","date_gmt":"2023-08-08T23:25:30","guid":{"rendered":"https:\/\/santepara.ma\/?product=bionike-acteen-quick-pen-anti-imperfection-10ml"},"modified":"2023-11-04T13:05:07","modified_gmt":"2023-11-04T12:05:07","slug":"bionike-acteen-quick-pen-anti-imperfection-10ml","status":"publish","type":"product","link":"https:\/\/santepara.ma\/?product=bionike-acteen-quick-pen-anti-imperfection-10ml","title":{"rendered":"Bionike Acteen Quick Pen anti imperfection 10ml"},"content":{"rendered":"","protected":false},"excerpt":{"rendered":"<p class=\"preamble\">La lotion anti-imperfections Quick Pen Acteen de BioNike \u00e0 prix discount dans votre parapharmacie en ligne, l\u2019expertise des peaux sensibles dans un soin con\u00e7u pour favoriser la disparition rapide des imperfections, \u00a0traitement cibl\u00e9, peau \u00e0 tendance acn\u00e9ique, visage.<\/p>\n","protected":false},"featured_media":91572,"comment_status":"open","ping_status":"closed","template":"","meta":{"_joinchat":[]},"pwb-brand":[758],"product_cat":[82,95,126,81],"product_tag":[],"brands":[{"id":758,"name":"BIONIKE","slug":"bionike"}],"_links":{"self":[{"href":"https:\/\/santepara.ma\/index.php?rest_route=\/wp\/v2\/product\/91573"}],"collection":[{"href":"https:\/\/santepara.ma\/index.php?rest_route=\/wp\/v2\/product"}],"about":[{"href":"https:\/\/santepara.ma\/index.php?rest_route=\/wp\/v2\/types\/product"}],"replies":[{"embeddable":true,"href":"https:\/\/santepara.ma\/index.php?rest_route=%2Fwp%2Fv2%2Fcomments&post=91573"}],"wp:featuredmedia":[{"embeddable":true,"href":"https:\/\/santepara.ma\/index.php?rest_route=\/wp\/v2\/media\/91572"}],"wp:attachment":[{"href":"https:\/\/santepara.ma\/index.php?rest_route=%2Fwp%2Fv2%2Fmedia&parent=91573"}],"wp:term":[{"taxonomy":"pwb-brand","embeddable":true,"href":"https:\/\/santepara.ma\/index.php?rest_route=%2Fwp%2Fv2%2Fpwb-brand&post=91573"},{"taxonomy":"product_cat","embeddable":true,"href":"https:\/\/santepara.ma\/index.php?rest_route=%2Fwp%2Fv2%2Fproduct_cat&post=91573"},{"taxonomy":"product_tag","embeddable":true,"href":"https:\/\/santepara.ma\/index.php?rest_route=%2Fwp%2Fv2%2Fproduct_tag&post=91573"}],"curies":[{"name":"wp","href":"https:\/\/api.w.org\/{rel}","templated":true}]}}