{"id":91615,"date":"2023-08-09T00:25:39","date_gmt":"2023-08-08T23:25:39","guid":{"rendered":"https:\/\/santepara.ma\/?product=roge-cavailles-absorb-spray-deodorant-efficacite-48h-75ml"},"modified":"2023-11-04T13:05:10","modified_gmt":"2023-11-04T12:05:10","slug":"roge-cavailles-absorb-spray-deodorant-efficacite-48h-75ml","status":"publish","type":"product","link":"https:\/\/santepara.ma\/?product=roge-cavailles-absorb-spray-deodorant-efficacite-48h-75ml","title":{"rendered":"ROG\u00c9 CAVAILL\u00c8S ABSORB+ SPRAY DEODORANT EFFICACITE 48H 75ML"},"content":{"rendered":"<div class=\"product-tabs\">\n<div class=\"std new-std\">\n<p>Le d\u00e9odorant Absorb+ Efficacit\u00e9 48H Compress\u00e9 est deux fois plus petit mais il vous offre la m\u00eame efficacit\u00e9 et le m\u00eame nombre d&rsquo;utilisations qu&rsquo;un a\u00e9rosol classique.<\/p>\n<p>Plus l\u00e9ger et plus pratique, il vous suivra partout !<\/p>\n<p>Gr\u00e2ce \u00e0 sa technologie, il absorbe 5 fois plus d&rsquo;humidit\u00e9 que le talc. Il pr\u00e9vient ainsi l&rsquo;apparition d&rsquo;odeurs et d&rsquo;aur\u00e9oles tout au long de la journ\u00e9e.<\/p>\n<p>R\u00e9sultat: adieu les pics de transpiration !<\/p>\n<\/div>\n<\/div>\n<div class=\"product-tabs\">\n<h3 class=\"tabs-title\">Conseils d&rsquo;utilisation<\/h3>\n<div class=\"std new-std\">\n<p>Bien agiter avant utilisation.<\/p>\n<p>\u00c0 vaporiser quotidiennement sur des aisselles propres et s\u00e8ches en respectant une distance de 15cm.<\/p>\n<\/div>\n<\/div>\n","protected":false},"excerpt":{"rendered":"<p>D\u00e9odorant spray<\/p>\n<p>Compress\u00e9<\/p>\n<p>Anti-transpiration et odeur<\/p>\n<p>Effet sec durable<\/p>\n<p>Efficacit\u00e9 48h<\/p>\n","protected":false},"featured_media":91614,"comment_status":"open","ping_status":"closed","template":"","meta":{"_joinchat":[]},"pwb-brand":[451],"product_cat":[90,129],"product_tag":[],"brands":[{"id":451,"name":"ROGE CAVAILLES","slug":"roge-cavailles"}],"_links":{"self":[{"href":"https:\/\/santepara.ma\/index.php?rest_route=\/wp\/v2\/product\/91615"}],"collection":[{"href":"https:\/\/santepara.ma\/index.php?rest_route=\/wp\/v2\/product"}],"about":[{"href":"https:\/\/santepara.ma\/index.php?rest_route=\/wp\/v2\/types\/product"}],"replies":[{"embeddable":true,"href":"https:\/\/santepara.ma\/index.php?rest_route=%2Fwp%2Fv2%2Fcomments&post=91615"}],"wp:featuredmedia":[{"embeddable":true,"href":"https:\/\/santepara.ma\/index.php?rest_route=\/wp\/v2\/media\/91614"}],"wp:attachment":[{"href":"https:\/\/santepara.ma\/index.php?rest_route=%2Fwp%2Fv2%2Fmedia&parent=91615"}],"wp:term":[{"taxonomy":"pwb-brand","embeddable":true,"href":"https:\/\/santepara.ma\/index.php?rest_route=%2Fwp%2Fv2%2Fpwb-brand&post=91615"},{"taxonomy":"product_cat","embeddable":true,"href":"https:\/\/santepara.ma\/index.php?rest_route=%2Fwp%2Fv2%2Fproduct_cat&post=91615"},{"taxonomy":"product_tag","embeddable":true,"href":"https:\/\/santepara.ma\/index.php?rest_route=%2Fwp%2Fv2%2Fproduct_tag&post=91615"}],"curies":[{"name":"wp","href":"https:\/\/api.w.org\/{rel}","templated":true}]}}