{"id":91744,"date":"2023-08-09T00:26:22","date_gmt":"2023-08-08T23:26:22","guid":{"rendered":"https:\/\/santepara.ma\/?product=md-spray-med-hygienisant-100ml"},"modified":"2023-11-04T13:05:15","modified_gmt":"2023-11-04T12:05:15","slug":"md-spray-med-hygienisant-100ml","status":"publish","type":"product","link":"https:\/\/santepara.ma\/?product=md-spray-med-hygienisant-100ml","title":{"rendered":"M&amp;d Spray Med hygienisant 100ml"},"content":{"rendered":"<p>solution avec activit\u00e9 antiseptique, qui r\u00e9duit et pr\u00e9vient la prolif\u00e9ration des germes et bact\u00e9ries \u00e0 chaque contact avec l&rsquo;ext\u00e9rieur. Vaporiser le produit sur la peau ou sur les surfaces \u00e0 d\u00e9sinfecter. Laisser s\u00e9cher, ne pas rincer. R\u00e9p\u00e9ter l&rsquo;application quand n\u00e9cessaire. Ne pas vaporiser sur la peau endommag\u00e9e. ne pas inhaler, \u00e9viter le contact avec les yeux, garder hors de port\u00e9e des enfants.<\/p>\n","protected":false},"excerpt":{"rendered":"<p>solution avec activit\u00e9 antiseptique, qui r\u00e9duit et pr\u00e9vient la prolif\u00e9ration des germes et bact\u00e9ries \u00e0 chaque contact avec l&rsquo;ext\u00e9rieur. Vaporiser<\/p>\n","protected":false},"featured_media":91743,"comment_status":"open","ping_status":"closed","template":"","meta":{"_joinchat":[]},"pwb-brand":[537],"product_cat":[527,97],"product_tag":[],"brands":[{"id":537,"name":"M&amp;D","slug":"md"}],"_links":{"self":[{"href":"https:\/\/santepara.ma\/index.php?rest_route=\/wp\/v2\/product\/91744"}],"collection":[{"href":"https:\/\/santepara.ma\/index.php?rest_route=\/wp\/v2\/product"}],"about":[{"href":"https:\/\/santepara.ma\/index.php?rest_route=\/wp\/v2\/types\/product"}],"replies":[{"embeddable":true,"href":"https:\/\/santepara.ma\/index.php?rest_route=%2Fwp%2Fv2%2Fcomments&post=91744"}],"wp:featuredmedia":[{"embeddable":true,"href":"https:\/\/santepara.ma\/index.php?rest_route=\/wp\/v2\/media\/91743"}],"wp:attachment":[{"href":"https:\/\/santepara.ma\/index.php?rest_route=%2Fwp%2Fv2%2Fmedia&parent=91744"}],"wp:term":[{"taxonomy":"pwb-brand","embeddable":true,"href":"https:\/\/santepara.ma\/index.php?rest_route=%2Fwp%2Fv2%2Fpwb-brand&post=91744"},{"taxonomy":"product_cat","embeddable":true,"href":"https:\/\/santepara.ma\/index.php?rest_route=%2Fwp%2Fv2%2Fproduct_cat&post=91744"},{"taxonomy":"product_tag","embeddable":true,"href":"https:\/\/santepara.ma\/index.php?rest_route=%2Fwp%2Fv2%2Fproduct_tag&post=91744"}],"curies":[{"name":"wp","href":"https:\/\/api.w.org\/{rel}","templated":true}]}}