{"id":91814,"date":"2023-08-09T00:26:48","date_gmt":"2023-08-08T23:26:48","guid":{"rendered":"https:\/\/santepara.ma\/?product=sanogyl-bad-soin-inter-dentaire-medium"},"modified":"2023-11-04T13:05:19","modified_gmt":"2023-11-04T12:05:19","slug":"sanogyl-bad-soin-inter-dentaire-medium","status":"publish","type":"product","link":"https:\/\/santepara.ma\/?product=sanogyl-bad-soin-inter-dentaire-medium","title":{"rendered":"Sanogyl Bad Soin Inter-dentaire Medium"},"content":{"rendered":"<p>Sanogyl a d\u00e9velopp\u00e9 des brosses \u00e0 dents \u00e0 t\u00eate petite et maniable pour un meilleur respect de vos gencives et un brossage plus pr\u00e9cis et efficace de vos dents, jusqu&rsquo;aux dents du fond.<\/p>\n","protected":false},"excerpt":{"rendered":"<p>Sanogyl a d\u00e9velopp\u00e9 des brosses \u00e0 dents \u00e0 t\u00eate petite et maniable pour un meilleur respect de vos gencives et<\/p>\n","protected":false},"featured_media":91813,"comment_status":"open","ping_status":"closed","template":"","meta":{"_joinchat":[]},"pwb-brand":[553],"product_cat":[273],"product_tag":[],"brands":[{"id":553,"name":"Sanogyl","slug":"sanogyl"}],"_links":{"self":[{"href":"https:\/\/santepara.ma\/index.php?rest_route=\/wp\/v2\/product\/91814"}],"collection":[{"href":"https:\/\/santepara.ma\/index.php?rest_route=\/wp\/v2\/product"}],"about":[{"href":"https:\/\/santepara.ma\/index.php?rest_route=\/wp\/v2\/types\/product"}],"replies":[{"embeddable":true,"href":"https:\/\/santepara.ma\/index.php?rest_route=%2Fwp%2Fv2%2Fcomments&post=91814"}],"wp:featuredmedia":[{"embeddable":true,"href":"https:\/\/santepara.ma\/index.php?rest_route=\/wp\/v2\/media\/91813"}],"wp:attachment":[{"href":"https:\/\/santepara.ma\/index.php?rest_route=%2Fwp%2Fv2%2Fmedia&parent=91814"}],"wp:term":[{"taxonomy":"pwb-brand","embeddable":true,"href":"https:\/\/santepara.ma\/index.php?rest_route=%2Fwp%2Fv2%2Fpwb-brand&post=91814"},{"taxonomy":"product_cat","embeddable":true,"href":"https:\/\/santepara.ma\/index.php?rest_route=%2Fwp%2Fv2%2Fproduct_cat&post=91814"},{"taxonomy":"product_tag","embeddable":true,"href":"https:\/\/santepara.ma\/index.php?rest_route=%2Fwp%2Fv2%2Fproduct_tag&post=91814"}],"curies":[{"name":"wp","href":"https:\/\/api.w.org\/{rel}","templated":true}]}}