{"id":92234,"date":"2023-08-09T00:29:14","date_gmt":"2023-08-08T23:29:14","guid":{"rendered":"https:\/\/santepara.ma\/?product=klorane-baume-apres-shampooing-a-la-quinine-et-aux-vitamines-b-200-ml"},"modified":"2023-11-04T13:05:37","modified_gmt":"2023-11-04T12:05:37","slug":"klorane-baume-apres-shampooing-a-la-quinine-et-aux-vitamines-b-200-ml","status":"publish","type":"product","link":"https:\/\/santepara.ma\/?product=klorane-baume-apres-shampooing-a-la-quinine-et-aux-vitamines-b-200-ml","title":{"rendered":"Klorane Baume Apr\u00e8s-Shampooing \u00e0 La Quinine et Aux Vitamines B &#8211; 200 ml"},"content":{"rendered":"<p>Description<\/p>\n<p>Fortifiant et d\u00e9m\u00ealant, le baume apr\u00e8s-shampooing fortifiant et d\u00e9m\u00ealant \u00e0 la quinine et aux vitamines B KLORANE a une action \u00e9nergisante et revitalisante. Il prolonge l&rsquo;effet du shampooing fortifiant \u00e0 la quinine et aux vitamines B KLORANE et aide les cheveux \u00e0 retrouver force, vigueur et brillance. Sa formule contient un agent coiffant et conditionneur, permettant un d\u00e9m\u00ealage facile de la chevelure. Hypoallerg\u00e9nique.<\/p>\n<p>Conseils d&rsquo;utilisation<\/p>\n<p>Appliquer sur les longueurs et les pointes bien essor\u00e9es, apr\u00e8s avoir utilis\u00e9 le shampooing fortifiant \u00e0 la quinine et aux vitamines B KLORANE. Laisser agir 2 \u00e0 3 minutes, peigner, puis rincer abondamment. \u00c9viter le contact avec les yeux.<\/p>\n","protected":false},"excerpt":{"rendered":"<p>Fortifiant et D\u00e9m\u00ealant &#8211; Chute de cheveux, Cheveux fatigu\u00e9s, compl\u00e9ment des traitements antichute<\/p>\n","protected":false},"featured_media":92233,"comment_status":"open","ping_status":"closed","template":"","meta":{"_joinchat":[]},"pwb-brand":[348],"product_cat":[72],"product_tag":[],"brands":[{"id":348,"name":"KLORANE","slug":"klorane"}],"_links":{"self":[{"href":"https:\/\/santepara.ma\/index.php?rest_route=\/wp\/v2\/product\/92234"}],"collection":[{"href":"https:\/\/santepara.ma\/index.php?rest_route=\/wp\/v2\/product"}],"about":[{"href":"https:\/\/santepara.ma\/index.php?rest_route=\/wp\/v2\/types\/product"}],"replies":[{"embeddable":true,"href":"https:\/\/santepara.ma\/index.php?rest_route=%2Fwp%2Fv2%2Fcomments&post=92234"}],"wp:featuredmedia":[{"embeddable":true,"href":"https:\/\/santepara.ma\/index.php?rest_route=\/wp\/v2\/media\/92233"}],"wp:attachment":[{"href":"https:\/\/santepara.ma\/index.php?rest_route=%2Fwp%2Fv2%2Fmedia&parent=92234"}],"wp:term":[{"taxonomy":"pwb-brand","embeddable":true,"href":"https:\/\/santepara.ma\/index.php?rest_route=%2Fwp%2Fv2%2Fpwb-brand&post=92234"},{"taxonomy":"product_cat","embeddable":true,"href":"https:\/\/santepara.ma\/index.php?rest_route=%2Fwp%2Fv2%2Fproduct_cat&post=92234"},{"taxonomy":"product_tag","embeddable":true,"href":"https:\/\/santepara.ma\/index.php?rest_route=%2Fwp%2Fv2%2Fproduct_tag&post=92234"}],"curies":[{"name":"wp","href":"https:\/\/api.w.org\/{rel}","templated":true}]}}