{"id":92242,"date":"2023-08-09T00:29:16","date_gmt":"2023-08-08T23:29:16","guid":{"rendered":"https:\/\/santepara.ma\/?product=roge-cavailles-deodorant-dermato-anti-odeurs-spray-150ml"},"modified":"2023-11-04T13:05:38","modified_gmt":"2023-11-04T12:05:38","slug":"roge-cavailles-deodorant-dermato-anti-odeurs-spray-150ml","status":"publish","type":"product","link":"https:\/\/santepara.ma\/?product=roge-cavailles-deodorant-dermato-anti-odeurs-spray-150ml","title":{"rendered":"ROGE CAVAILLES D\u00c9ODORANT DERMATO ANTI-ODEURS SPRAY 150ML"},"content":{"rendered":"<p>Ce D\u00e9odorant pour Peau Sensible allie efficacit\u00e9 et douceur. Sp\u00e9cialement con\u00e7u pour les peaux les plus sensibles, il vous assure un confort durable et une efficacit\u00e9 de 48h contre les mauvaises odeurs et l\u2019humidit\u00e9.<\/p>\n<p>Le D\u00e9odorant Sans Sels d\u2019Aluminium associe des agents absorbants pour lutter contre l\u2019humidit\u00e9 et de l\u2019extrait de propolis, un antibact\u00e9rien puissant qui neutralise les mauvaises odeurs et vous assure un parfum frais longue dur\u00e9e.<\/p>\n<p>Sa formule alliant l\u2019huile de riz et le bisabolol apporte \u00e0 votre peau confort et hydratation tout au long de la journ\u00e9e.<\/p>\n<p>Vaporiser quotidiennement ce D\u00e9odorant pour Peau Sensible sur des aisselles propres et s\u00e8ches en respectant une distance de 15 cm.<\/p>\n","protected":false},"excerpt":{"rendered":"<p>Ce D\u00e9odorant pour Peau Sensible allie efficacit\u00e9 et douceur. Sp\u00e9cialement con\u00e7u pour les peaux les plus sensibles, il vous assure<\/p>\n","protected":false},"featured_media":92241,"comment_status":"open","ping_status":"closed","template":"","meta":{"_joinchat":[]},"pwb-brand":[451],"product_cat":[129],"product_tag":[],"brands":[{"id":451,"name":"ROGE CAVAILLES","slug":"roge-cavailles"}],"_links":{"self":[{"href":"https:\/\/santepara.ma\/index.php?rest_route=\/wp\/v2\/product\/92242"}],"collection":[{"href":"https:\/\/santepara.ma\/index.php?rest_route=\/wp\/v2\/product"}],"about":[{"href":"https:\/\/santepara.ma\/index.php?rest_route=\/wp\/v2\/types\/product"}],"replies":[{"embeddable":true,"href":"https:\/\/santepara.ma\/index.php?rest_route=%2Fwp%2Fv2%2Fcomments&post=92242"}],"wp:featuredmedia":[{"embeddable":true,"href":"https:\/\/santepara.ma\/index.php?rest_route=\/wp\/v2\/media\/92241"}],"wp:attachment":[{"href":"https:\/\/santepara.ma\/index.php?rest_route=%2Fwp%2Fv2%2Fmedia&parent=92242"}],"wp:term":[{"taxonomy":"pwb-brand","embeddable":true,"href":"https:\/\/santepara.ma\/index.php?rest_route=%2Fwp%2Fv2%2Fpwb-brand&post=92242"},{"taxonomy":"product_cat","embeddable":true,"href":"https:\/\/santepara.ma\/index.php?rest_route=%2Fwp%2Fv2%2Fproduct_cat&post=92242"},{"taxonomy":"product_tag","embeddable":true,"href":"https:\/\/santepara.ma\/index.php?rest_route=%2Fwp%2Fv2%2Fproduct_tag&post=92242"}],"curies":[{"name":"wp","href":"https:\/\/api.w.org\/{rel}","templated":true}]}}