{"id":92285,"date":"2023-08-09T00:29:29","date_gmt":"2023-08-08T23:29:29","guid":{"rendered":"https:\/\/santepara.ma\/?product=racine-vita-gel-aloe-vera-pure-99-80g"},"modified":"2023-11-04T13:05:40","modified_gmt":"2023-11-04T12:05:40","slug":"racine-vita-gel-aloe-vera-pure-99-80g","status":"publish","type":"product","link":"https:\/\/santepara.ma\/?product=racine-vita-gel-aloe-vera-pure-99-80g","title":{"rendered":"RACINE VITA GEL ALOE VERA PURE 99% 80G"},"content":{"rendered":"<p>Le gel d&rsquo;Aloe Vera est utilis\u00e9 depuis des si\u00e8cles contre les br\u00fblures, les coupures, les dermatoses, les escarres, les ger\u00e7ures et les foulures.<\/p>\n<p>L&rsquo;Aloe Vera hydrate la peau, mais peut aussi en conserver l&rsquo;humidit\u00e9.<\/p>\n<p>Elle nourrit et r\u00e9g\u00e9n\u00e8re la peau, et lutte contre le vieillissement.<\/p>\n","protected":false},"excerpt":{"rendered":"<p>Le gel d&rsquo;Aloe Vera est utilis\u00e9 depuis des si\u00e8cles contre les br\u00fblures, les coupures, les dermatoses, les escarres, les ger\u00e7ures<\/p>\n","protected":false},"featured_media":87189,"comment_status":"open","ping_status":"closed","template":"","meta":{"_joinchat":[]},"pwb-brand":[417],"product_cat":[98,92],"product_tag":[],"brands":[{"id":417,"name":"RACINE-VITA","slug":"racine-vita"}],"_links":{"self":[{"href":"https:\/\/santepara.ma\/index.php?rest_route=\/wp\/v2\/product\/92285"}],"collection":[{"href":"https:\/\/santepara.ma\/index.php?rest_route=\/wp\/v2\/product"}],"about":[{"href":"https:\/\/santepara.ma\/index.php?rest_route=\/wp\/v2\/types\/product"}],"replies":[{"embeddable":true,"href":"https:\/\/santepara.ma\/index.php?rest_route=%2Fwp%2Fv2%2Fcomments&post=92285"}],"wp:featuredmedia":[{"embeddable":true,"href":"https:\/\/santepara.ma\/index.php?rest_route=\/wp\/v2\/media\/87189"}],"wp:attachment":[{"href":"https:\/\/santepara.ma\/index.php?rest_route=%2Fwp%2Fv2%2Fmedia&parent=92285"}],"wp:term":[{"taxonomy":"pwb-brand","embeddable":true,"href":"https:\/\/santepara.ma\/index.php?rest_route=%2Fwp%2Fv2%2Fpwb-brand&post=92285"},{"taxonomy":"product_cat","embeddable":true,"href":"https:\/\/santepara.ma\/index.php?rest_route=%2Fwp%2Fv2%2Fproduct_cat&post=92285"},{"taxonomy":"product_tag","embeddable":true,"href":"https:\/\/santepara.ma\/index.php?rest_route=%2Fwp%2Fv2%2Fproduct_tag&post=92285"}],"curies":[{"name":"wp","href":"https:\/\/api.w.org\/{rel}","templated":true}]}}