{"id":92291,"date":"2023-08-09T00:29:30","date_gmt":"2023-08-08T23:29:30","guid":{"rendered":"https:\/\/santepara.ma\/?product=urgo-filmogel-aphtes-6-ml"},"modified":"2025-01-21T10:02:04","modified_gmt":"2025-01-21T09:02:04","slug":"urgo-filmogel-aphtes-6-ml","status":"publish","type":"product","link":"https:\/\/santepara.ma\/?product=urgo-filmogel-aphtes-6-ml","title":{"rendered":"Urgo Filmogel Aphtes 6 ml"},"content":{"rendered":"<div id=\"description\">\n<div class=\"content_zone_desc tabcontent\">\n<div id=\"type_info_prio_11_1\">\n<p>Gr\u00e2ce \u00e0 sa formule filmog\u00e8ne unique, Urgo Filmogel Aphtes 6 ml :<\/p>\n<p>&#8211; Prot\u00e8ge efficacement la plaie, en particulier pendant les repas, en l&rsquo;isolant des aliments et de la salive, et ce jusqu&rsquo;\u00e0 4 heures,<\/p>\n<p>&#8211; Soulage rapidement et durablement la douleur,<\/p>\n<p>&#8211; Favorise la cicatrisation.<\/p>\n<p>Il convient pour toutes les petites plaies de la muqueuse buccale (aphtes, petites plaies li\u00e9es aux appareils ou proth\u00e8ses dentaires, &#8230;) et s&rsquo;applique facilement quelle que soit la localisation gr\u00e2ce \u00e0 sa spatule pr\u00e9cise et r\u00e9utilisable..<\/p>\n<p>Go\u00fbt fruit\u00e9.<\/p>\n<\/div>\n<\/div>\n<\/div>\n<div>\n<div class=\"bloc_depliable\">\n<div class=\"titre_zone_desc bloc_depliable_zone_click\">\n<div><strong>CONSEIL D&rsquo;UTILISATION :<\/strong><\/div>\n<\/div>\n<div class=\"content_zone_desc bloc_depliable_cnt cnt_deplie tabcontent\">\n<div>\n<div id=\"type_info_prio_6_1\">\n<p>Bien lire la notice pour l&rsquo;application.<\/p>\n<p>Ne pas appliquer en cas d&rsquo;aphtoses majeures (diam\u00e8tre de l&rsquo;aphte &gt; 1 cm) ou herp\u00e9tiformes (aphtes de tr\u00e8s petites tailles pr\u00e9sents en tr\u00e8s grand nombre) qui n\u00e9cessitent l&rsquo;avis d&rsquo;un m\u00e9decin.<\/p>\n<\/div>\n<div class=\"description_indication\"><span class=\"bold\">Indication<\/span>\u00a0:\u00a0<span id=\"type_info_prio_6_2_1\">Aphtes, l\u00e9sions buccales. Adulte, enfant de plus de 6 ans.<\/span><\/div>\n<\/div>\n<\/div>\n<\/div>\n<\/div>\n","protected":false},"excerpt":{"rendered":"<p>Gr\u00e2ce \u00e0 sa formule filmog\u00e8ne unique, Urgo Filmogel Aphtes 6 ml : &#8211; Prot\u00e8ge efficacement la plaie, en particulier pendant<\/p>\n","protected":false},"featured_media":92290,"comment_status":"open","ping_status":"closed","template":"","meta":{"_joinchat":[]},"pwb-brand":[443],"product_cat":[218],"product_tag":[],"brands":[{"id":443,"name":"URGO","slug":"urgo"}],"_links":{"self":[{"href":"https:\/\/santepara.ma\/index.php?rest_route=\/wp\/v2\/product\/92291"}],"collection":[{"href":"https:\/\/santepara.ma\/index.php?rest_route=\/wp\/v2\/product"}],"about":[{"href":"https:\/\/santepara.ma\/index.php?rest_route=\/wp\/v2\/types\/product"}],"replies":[{"embeddable":true,"href":"https:\/\/santepara.ma\/index.php?rest_route=%2Fwp%2Fv2%2Fcomments&post=92291"}],"wp:featuredmedia":[{"embeddable":true,"href":"https:\/\/santepara.ma\/index.php?rest_route=\/wp\/v2\/media\/92290"}],"wp:attachment":[{"href":"https:\/\/santepara.ma\/index.php?rest_route=%2Fwp%2Fv2%2Fmedia&parent=92291"}],"wp:term":[{"taxonomy":"pwb-brand","embeddable":true,"href":"https:\/\/santepara.ma\/index.php?rest_route=%2Fwp%2Fv2%2Fpwb-brand&post=92291"},{"taxonomy":"product_cat","embeddable":true,"href":"https:\/\/santepara.ma\/index.php?rest_route=%2Fwp%2Fv2%2Fproduct_cat&post=92291"},{"taxonomy":"product_tag","embeddable":true,"href":"https:\/\/santepara.ma\/index.php?rest_route=%2Fwp%2Fv2%2Fproduct_tag&post=92291"}],"curies":[{"name":"wp","href":"https:\/\/api.w.org\/{rel}","templated":true}]}}