{"id":92409,"date":"2023-08-09T00:30:15","date_gmt":"2023-08-08T23:30:15","guid":{"rendered":"https:\/\/santepara.ma\/?product=bioderma-sebium-pore-refiner-30-ml"},"modified":"2024-02-22T16:18:53","modified_gmt":"2024-02-22T15:18:53","slug":"bioderma-sebium-pore-refiner-30-ml","status":"publish","type":"product","link":"https:\/\/santepara.ma\/?product=bioderma-sebium-pore-refiner-30-ml","title":{"rendered":"Bioderma \u2013 S\u00e9bium Pore refiner \u2013 30 ml"},"content":{"rendered":"<p>Description<\/p>\n<p>S\u00e9bium Pore Refiner est sp\u00e9cialement formul\u00e9 pour att\u00e9nuer les pores des peaux mixtes \u00e0 grasses : &#8211; le complexe exclusif brevet\u00e9 Fluidactiv\u2122 r\u00e9gule biologiquement la qualit\u00e9 de s\u00e9bum, pr\u00e9venant l\u2019obstruction des pores et limitant l\u2019apparition d\u2019imperfections ;- associ\u00e9 \u00e0 un actif lissant, l\u2019acide agarique, qui est un astringent, affine la texture de la peau et pr\u00e9serve son \u00e9clat naturel ;- les poudres matifiantes r\u00e9duisent la brillance.<\/p>\n<p><strong>Conseils d&rsquo;Utilisation : <\/strong><\/p>\n<p>Matin et\/ou soir.<\/p>\n<ul class=\"step-list\">\n<li><strong>\u00c9TAPE 1<\/strong>Utiliser sur une peau nettoy\u00e9e \u00e0 avec S\u00e9bium Gel moussant ou S\u00e9bium H2O.<\/li>\n<li><strong>\u00c9TAPE 2<\/strong>Appliquer seul ou avant une cr\u00e8me de soin.Appliquer sur l\u2019ensemble du visage pour les peaux grasses ou uniquement sur la zone T pour les peaux mixtes\u00a0: front, nez et menton.<\/li>\n<\/ul>\n","protected":false},"excerpt":{"rendered":"<p>Le soin correcteur dermatologique des pores dilat\u00e9s persistants.<\/p>\n","protected":false},"featured_media":92407,"comment_status":"open","ping_status":"closed","template":"","meta":{"_joinchat":[]},"pwb-brand":[259],"product_cat":[801,224],"product_tag":[],"brands":[{"id":259,"name":"BIODERMA","slug":"bioderma"}],"_links":{"self":[{"href":"https:\/\/santepara.ma\/index.php?rest_route=\/wp\/v2\/product\/92409"}],"collection":[{"href":"https:\/\/santepara.ma\/index.php?rest_route=\/wp\/v2\/product"}],"about":[{"href":"https:\/\/santepara.ma\/index.php?rest_route=\/wp\/v2\/types\/product"}],"replies":[{"embeddable":true,"href":"https:\/\/santepara.ma\/index.php?rest_route=%2Fwp%2Fv2%2Fcomments&post=92409"}],"wp:featuredmedia":[{"embeddable":true,"href":"https:\/\/santepara.ma\/index.php?rest_route=\/wp\/v2\/media\/92407"}],"wp:attachment":[{"href":"https:\/\/santepara.ma\/index.php?rest_route=%2Fwp%2Fv2%2Fmedia&parent=92409"}],"wp:term":[{"taxonomy":"pwb-brand","embeddable":true,"href":"https:\/\/santepara.ma\/index.php?rest_route=%2Fwp%2Fv2%2Fpwb-brand&post=92409"},{"taxonomy":"product_cat","embeddable":true,"href":"https:\/\/santepara.ma\/index.php?rest_route=%2Fwp%2Fv2%2Fproduct_cat&post=92409"},{"taxonomy":"product_tag","embeddable":true,"href":"https:\/\/santepara.ma\/index.php?rest_route=%2Fwp%2Fv2%2Fproduct_tag&post=92409"}],"curies":[{"name":"wp","href":"https:\/\/api.w.org\/{rel}","templated":true}]}}