{"id":92424,"date":"2023-08-09T00:30:25","date_gmt":"2023-08-08T23:30:25","guid":{"rendered":"https:\/\/santepara.ma\/?product=glyco-a-medium-peeling-12-30ml"},"modified":"2023-11-04T13:05:46","modified_gmt":"2023-11-04T12:05:46","slug":"glyco-a-medium-peeling-12-30ml","status":"publish","type":"product","link":"https:\/\/santepara.ma\/?product=glyco-a-medium-peeling-12-30ml","title":{"rendered":"GLYCO-A MEDIUM PEELING 12% 30ML"},"content":{"rendered":"<p>La cr\u00e8me de nuit GLYCO-A\u00ae MEDIUM Peeling offre \u00e0 tous l\u2019efficacit\u00e9 d\u2019un peeling chez soi, avec une concentration d\u2019acide glycolique optimale de 12%, pour un teint plus lumineux et une peau matifi\u00e9e et liss\u00e9e.<\/p>\n<p>Le pH de GLYCO-A MEDIUM Peeling est de 3 pour un parfait \u00e9quilibre entre tol\u00e9rance de la peau et efficacit\u00e9 du soin.<\/p>\n<p><strong>Le saviez-vous ?<\/strong><\/p>\n<p>Plus le pH est acide, plus le peeling est efficace !<\/p>\n<p>Lorsqu\u2019un peeling est appliqu\u00e9 sur la peau, l\u2019action de l\u2019acide glycolique ne dure que 30 minutes environ.<\/p>\n<p>Exc\u00e8s de s\u00e9bum. Premiers signes de l\u2019\u00e2ge. Imperfections.<\/p>\n<p><strong>Conseils d&rsquo;utilisation :\u00a0<\/strong><\/p>\n<div class=\"sp_details--content\">\n<p>Le soir uniquement, 2 \u00e0 3 fois par semaine et apr\u00e8s un nettoyage soign\u00e9, appliquer une fine couche sur l\u2019ensemble du visage et masser d\u00e9licatement jusqu\u2019\u00e0 p\u00e9n\u00e9tration compl\u00e8te du produit.<\/p>\n<p>V\u00e9ritable soin qui agit pendant la nuit, la cr\u00e8me de nuit GLYCO-A MEDIUM Peeling ne n\u00e9cessite pas de rin\u00e7age. Toutefois, si la peau manque de confort, nous vous recommandons de conserver votre peeling sur la peau pour une dur\u00e9e minimum de 30 minutes afin de b\u00e9n\u00e9ficier de toute l\u2019efficacit\u00e9 des AHA.<\/p>\n<p>L\u2019action des AHA sur la peau peut provoquer quelques petits picotements. Il s\u2019agit d\u2019une r\u00e9action normale qui ne dure jamais tr\u00e8s longtemps, quelques minutes seulement. Si ces picotement persistent au-del\u00e0 d\u2019une dizaine de minutes, adapter la concentration \u00e0 votre sensibilit\u00e9.<\/p>\n<p><strong>Test\u00e9 sous contr\u00f4le dermatologique<\/strong><\/p>\n<p>\u00c9viter le contour des yeux. En cas de contact, rincer abondamment avec de l\u2019eau clair.<\/p>\n<p>\u2022 L\u2019application d\u2019une haute protection solaire est indispensable pendant la dur\u00e9e traitement et jusqu\u2019\u00e0 une semaine apr\u00e8s son interruption.<\/p>\n<p>\u2022 \u00c9viter l\u2019application de peeling superficiel pendant la p\u00e9riode estivale.<\/p>\n<p>\u2022 Ne pas appliquer sur les peaux sensibles ou sensibilis\u00e9es. Eviter de cumuler les exfoliations (chimiques et m\u00e9caniques).<\/p>\n<p>\u2022 Ne pas appliquer de peeling dans les 72h suivant une \u00e9pilation.<\/p>\n<p>\u2022 24 heures avant la toute premi\u00e8re application faites un test d\u2019allergie avec votre peeling au niveau du pli du coude.<\/p>\n<p>\u2022 Ne pas utiliser si vous \u00eates enceinte. Ne pas appliquer chez les enfants de moins de 12 ans.<\/p>\n<p>\u2022 Certains traitements m\u00e9dicamenteux ne sont pas compatibles avec le peeling. Demander l\u2019avis \u00e0 votre m\u00e9decin.<\/p>\n<\/div>\n<div class=\"usages-wrapper\"><\/div>\n","protected":false},"excerpt":{"rendered":"<p class=\"sp_details--pathology\">Exc\u00e8s de s\u00e9bum. Premiers signes de l&rsquo;\u00e2ge. Imperfections.<\/p>\n<p class=\"sp_details--routine\">Corrige<\/p>\n","protected":false},"featured_media":92423,"comment_status":"open","ping_status":"closed","template":"","meta":{"_joinchat":[]},"pwb-brand":[840],"product_cat":[803,802,805],"product_tag":[],"brands":[{"id":840,"name":"ISISPHARMA","slug":"isispharma"}],"_links":{"self":[{"href":"https:\/\/santepara.ma\/index.php?rest_route=\/wp\/v2\/product\/92424"}],"collection":[{"href":"https:\/\/santepara.ma\/index.php?rest_route=\/wp\/v2\/product"}],"about":[{"href":"https:\/\/santepara.ma\/index.php?rest_route=\/wp\/v2\/types\/product"}],"replies":[{"embeddable":true,"href":"https:\/\/santepara.ma\/index.php?rest_route=%2Fwp%2Fv2%2Fcomments&post=92424"}],"wp:featuredmedia":[{"embeddable":true,"href":"https:\/\/santepara.ma\/index.php?rest_route=\/wp\/v2\/media\/92423"}],"wp:attachment":[{"href":"https:\/\/santepara.ma\/index.php?rest_route=%2Fwp%2Fv2%2Fmedia&parent=92424"}],"wp:term":[{"taxonomy":"pwb-brand","embeddable":true,"href":"https:\/\/santepara.ma\/index.php?rest_route=%2Fwp%2Fv2%2Fpwb-brand&post=92424"},{"taxonomy":"product_cat","embeddable":true,"href":"https:\/\/santepara.ma\/index.php?rest_route=%2Fwp%2Fv2%2Fproduct_cat&post=92424"},{"taxonomy":"product_tag","embeddable":true,"href":"https:\/\/santepara.ma\/index.php?rest_route=%2Fwp%2Fv2%2Fproduct_tag&post=92424"}],"curies":[{"name":"wp","href":"https:\/\/api.w.org\/{rel}","templated":true}]}}