{"id":92426,"date":"2023-08-09T00:30:25","date_gmt":"2023-08-08T23:30:25","guid":{"rendered":"https:\/\/santepara.ma\/?product=glyco-a-body-peeling-200ml"},"modified":"2023-11-04T13:05:46","modified_gmt":"2023-11-04T12:05:46","slug":"glyco-a-body-peeling-200ml","status":"publish","type":"product","link":"https:\/\/santepara.ma\/?product=glyco-a-body-peeling-200ml","title":{"rendered":"GLYCO-A BODY PEELING 200ML"},"content":{"rendered":"<p>Offrez \u00e0 votre corps un peeling pour adoucir la peau, l\u2019hydrater en profondeur et la tonifier avec la cr\u00e8me GLYCO-A\u00ae Body. Sa concentration optimale de 10% en acide glycolique en fait l\u2019alli\u00e9e id\u00e9ale pour am\u00e9liorer visiblement la texture de la peau : aide \u00e0 \u00e9liminer les rugosit\u00e9s des peaux s\u00e8ches et tonifie les peaux qui manquent de fermet\u00e9 cutan\u00e9e.<\/p>\n<p>Le pH de GLYCO-A BODY est de 3,8 pour un parfait \u00e9quilibre entre tol\u00e9rance de la peau et efficacit\u00e9 du soin.<\/p>\n<p>Le saviez-vous ?<\/p>\n<p>Plus le pH est acide, plus le peeling est efficace !<\/p>\n<p>Lorsqu\u2019un peeling est appliqu\u00e9 sur la peau, l\u2019action de l\u2019acide glycolique ne dure que 30 minutes environ.<\/p>\n<p>Peau s\u00e8che et rugueuse. Manque de fermet\u00e9.<\/p>\n<p><strong>Conseils d&rsquo;utilisation :<\/strong><\/p>\n<p>Appliquer une fois par jour sur les zones du corps \u00e0 exfolier.<\/p>\n<p>La journ\u00e9e, couvrir la zone du corps trait\u00e9e \u00e0 l\u2019aide d\u2019un v\u00eatement ou appliquer une haute protection solaire.<\/p>\n<p><strong>Test\u00e9 sous contr\u00f4le dermatologique<\/strong><\/p>\n<p>Ne pas appliquer sur les muqueuses.<\/p>\n<p>Se rincer les mains apr\u00e8s utilisation.<\/p>\n<p>\u2022 L\u2019application d\u2019une haute protection solaire est indispensable pendant la dur\u00e9e du traitement et jusqu\u2019\u00e0 une semaine apr\u00e8s son interruption.<\/p>\n<p>\u2022 \u00c9viter l\u2019application de peeling superficiel pendant la p\u00e9riode estivale.<\/p>\n<p>\u2022 Ne pas appliquer sur les peaux sensibles ou sensibilis\u00e9es. \u00c9viter de cumuler les exfoliations (chimiques et m\u00e9caniques).<\/p>\n<p>\u2022 Ne pas appliquer de peeling dans les 72h suivant une \u00e9pilation.<\/p>\n<p>\u2022 24 heures avant la toute premi\u00e8re application faites un test d\u2019allergie avec votre peeling au niveau du pli du coude.<\/p>\n<p>\u2022 Ne pas utiliser si vous \u00eates enceinte. Ne pas appliquer chez les enfants de moins de 12 ans.<\/p>\n<p>\u2022 Certains traitements m\u00e9dicamenteux ne sont pas compatibles avec le peeling. Demander l\u2019avis \u00e0 votre m\u00e9decin.<\/p>\n","protected":false},"excerpt":{"rendered":"<p class=\"sp_details--pathology\">Peau s\u00e8che et rugueuse. Manque de fermet\u00e9.<\/p>\n<p class=\"sp_details--routine\">Corrige<\/p>\n","protected":false},"featured_media":92425,"comment_status":"open","ping_status":"closed","template":"","meta":{"_joinchat":[]},"pwb-brand":[840],"product_cat":[809,810,808],"product_tag":[],"brands":[{"id":840,"name":"ISISPHARMA","slug":"isispharma"}],"_links":{"self":[{"href":"https:\/\/santepara.ma\/index.php?rest_route=\/wp\/v2\/product\/92426"}],"collection":[{"href":"https:\/\/santepara.ma\/index.php?rest_route=\/wp\/v2\/product"}],"about":[{"href":"https:\/\/santepara.ma\/index.php?rest_route=\/wp\/v2\/types\/product"}],"replies":[{"embeddable":true,"href":"https:\/\/santepara.ma\/index.php?rest_route=%2Fwp%2Fv2%2Fcomments&post=92426"}],"wp:featuredmedia":[{"embeddable":true,"href":"https:\/\/santepara.ma\/index.php?rest_route=\/wp\/v2\/media\/92425"}],"wp:attachment":[{"href":"https:\/\/santepara.ma\/index.php?rest_route=%2Fwp%2Fv2%2Fmedia&parent=92426"}],"wp:term":[{"taxonomy":"pwb-brand","embeddable":true,"href":"https:\/\/santepara.ma\/index.php?rest_route=%2Fwp%2Fv2%2Fpwb-brand&post=92426"},{"taxonomy":"product_cat","embeddable":true,"href":"https:\/\/santepara.ma\/index.php?rest_route=%2Fwp%2Fv2%2Fproduct_cat&post=92426"},{"taxonomy":"product_tag","embeddable":true,"href":"https:\/\/santepara.ma\/index.php?rest_route=%2Fwp%2Fv2%2Fproduct_tag&post=92426"}],"curies":[{"name":"wp","href":"https:\/\/api.w.org\/{rel}","templated":true}]}}