{"id":92432,"date":"2023-08-09T00:30:26","date_gmt":"2023-08-08T23:30:26","guid":{"rendered":"https:\/\/santepara.ma\/?product=glyco-a-post-peeling-40ml"},"modified":"2023-11-04T13:05:47","modified_gmt":"2023-11-04T12:05:47","slug":"glyco-a-post-peeling-40ml","status":"publish","type":"product","link":"https:\/\/santepara.ma\/?product=glyco-a-post-peeling-40ml","title":{"rendered":"GLYCO-A POST PEELING 40ML"},"content":{"rendered":"<p>Votre peau tire, d\u00e9mange ou manque de confort apr\u00e8s l\u2019application d\u2019un peeling ? Apaisez et restaurez votre barri\u00e8re cutan\u00e9e avec la cr\u00e8me GLYCO-A\u00ae Post Peeling, \u00e0 la formule sp\u00e9cialement con\u00e7ue pour une sensation de confort imm\u00e9diat. Ce soin riche en huile de coton adoucissante, apaise et respecte votre peau gr\u00e2ce \u00e0 son pH physiologique tout en prolongeant les effets du peeling \u00e0 l\u2019aide de ses agents r\u00e9parateurs et restructurants.<\/p>\n<p>Peau irrit\u00e9e et sensibilis\u00e9e par l\u2019application de peelings ou proc\u00e9dures esth\u00e9tiques.<\/p>\n<p><strong>Conseils d&rsquo;utilisation :<\/strong><\/p>\n<div class=\"sp_details--content\">\n<p>Appliquer le matin sur le visage et aussi souvent que n\u00e9cessaire la journ\u00e9e.<\/p>\n<p>Le soir, si votre peau manque de confort, rincer le peeling et appliquer votre soin POST PEELING GLYCO-A sur l\u2019ensemble du visage.<\/p>\n<p><strong>Test\u00e9 sous contr\u00f4le dermatologique<\/strong><\/p>\n<p>Dans le cadre d\u2019un traitement peeling, l\u2019application d\u2019une protection solaire en suppl\u00e9ment la journ\u00e9e est indispensable et jusqu\u2019\u00e0 une semaine apr\u00e8s son interruption.<\/p>\n<\/div>\n<div class=\"usages-wrapper\"><\/div>\n","protected":false},"excerpt":{"rendered":"<p class=\"sp_details--pathology\">Peau irrit\u00e9e et sensibilis\u00e9e par l&rsquo;application de peelings ou proc\u00e9dures esth\u00e9tiques.<\/p>\n<p class=\"sp_details--routine\">Maintient<\/p>\n","protected":false},"featured_media":92431,"comment_status":"open","ping_status":"closed","template":"","meta":{"_joinchat":[]},"pwb-brand":[840],"product_cat":[803,802],"product_tag":[],"brands":[{"id":840,"name":"ISISPHARMA","slug":"isispharma"}],"_links":{"self":[{"href":"https:\/\/santepara.ma\/index.php?rest_route=\/wp\/v2\/product\/92432"}],"collection":[{"href":"https:\/\/santepara.ma\/index.php?rest_route=\/wp\/v2\/product"}],"about":[{"href":"https:\/\/santepara.ma\/index.php?rest_route=\/wp\/v2\/types\/product"}],"replies":[{"embeddable":true,"href":"https:\/\/santepara.ma\/index.php?rest_route=%2Fwp%2Fv2%2Fcomments&post=92432"}],"wp:featuredmedia":[{"embeddable":true,"href":"https:\/\/santepara.ma\/index.php?rest_route=\/wp\/v2\/media\/92431"}],"wp:attachment":[{"href":"https:\/\/santepara.ma\/index.php?rest_route=%2Fwp%2Fv2%2Fmedia&parent=92432"}],"wp:term":[{"taxonomy":"pwb-brand","embeddable":true,"href":"https:\/\/santepara.ma\/index.php?rest_route=%2Fwp%2Fv2%2Fpwb-brand&post=92432"},{"taxonomy":"product_cat","embeddable":true,"href":"https:\/\/santepara.ma\/index.php?rest_route=%2Fwp%2Fv2%2Fproduct_cat&post=92432"},{"taxonomy":"product_tag","embeddable":true,"href":"https:\/\/santepara.ma\/index.php?rest_route=%2Fwp%2Fv2%2Fproduct_tag&post=92432"}],"curies":[{"name":"wp","href":"https:\/\/api.w.org\/{rel}","templated":true}]}}