{"id":92442,"date":"2023-08-09T00:30:30","date_gmt":"2023-08-08T23:30:30","guid":{"rendered":"https:\/\/santepara.ma\/?product=neotone-eyes-15ml"},"modified":"2023-11-04T13:05:48","modified_gmt":"2023-11-04T12:05:48","slug":"neotone-eyes-15ml","status":"publish","type":"product","link":"https:\/\/santepara.ma\/?product=neotone-eyes-15ml","title":{"rendered":"NEOTONE EYES 15ML"},"content":{"rendered":"<p>Neotone Eyes r\u00e9duit efficacement vos cernes vasculaires (d\u2019aspect bleu\/violet), pigmentaires (d\u2019aspect brun\/noir) ainsi que les poches. Sa bille roll-on associ\u00e9e \u00e0 sa texture gel-cr\u00e8me permettent un effet frais, apaisant et d\u00e9congestionnant.<\/p>\n<p><strong>Conseils d&rsquo;utilisation :<\/strong><\/p>\n<p><strong>Sur une peau propre<\/strong><\/p>\n<p>Appliquez quotidiennement Neotone Eyes, matin et soir, sur le contour de l\u2019\u0153il par l\u00e9gers mouvements circulaires.<\/p>\n","protected":false},"excerpt":{"rendered":"<p class=\"sp_details--pathology\">Taches pigmentaires<\/p>\n<p class=\"sp_details--routine\">Corrige<\/p>\n<div class=\"sp_details--authorized\">\n<div class=\"sp_details--authorized-item sp_details--authorized-baby\"><\/div>\n<div class=\"sp_details--authorized-item sp_details--authorized-child\"><\/div>\n<div class=\"sp_details--authorized-item sp_details--authorized-adult active\"><\/div>\n<div class=\"sp_details--authorized-item sp_details--authorized-pregnant\"><\/div>\n<\/div>\n","protected":false},"featured_media":92441,"comment_status":"open","ping_status":"closed","template":"","meta":{"_joinchat":[]},"pwb-brand":[840],"product_cat":[821,802],"product_tag":[],"brands":[{"id":840,"name":"ISISPHARMA","slug":"isispharma"}],"_links":{"self":[{"href":"https:\/\/santepara.ma\/index.php?rest_route=\/wp\/v2\/product\/92442"}],"collection":[{"href":"https:\/\/santepara.ma\/index.php?rest_route=\/wp\/v2\/product"}],"about":[{"href":"https:\/\/santepara.ma\/index.php?rest_route=\/wp\/v2\/types\/product"}],"replies":[{"embeddable":true,"href":"https:\/\/santepara.ma\/index.php?rest_route=%2Fwp%2Fv2%2Fcomments&post=92442"}],"wp:featuredmedia":[{"embeddable":true,"href":"https:\/\/santepara.ma\/index.php?rest_route=\/wp\/v2\/media\/92441"}],"wp:attachment":[{"href":"https:\/\/santepara.ma\/index.php?rest_route=%2Fwp%2Fv2%2Fmedia&parent=92442"}],"wp:term":[{"taxonomy":"pwb-brand","embeddable":true,"href":"https:\/\/santepara.ma\/index.php?rest_route=%2Fwp%2Fv2%2Fpwb-brand&post=92442"},{"taxonomy":"product_cat","embeddable":true,"href":"https:\/\/santepara.ma\/index.php?rest_route=%2Fwp%2Fv2%2Fproduct_cat&post=92442"},{"taxonomy":"product_tag","embeddable":true,"href":"https:\/\/santepara.ma\/index.php?rest_route=%2Fwp%2Fv2%2Fproduct_tag&post=92442"}],"curies":[{"name":"wp","href":"https:\/\/api.w.org\/{rel}","templated":true}]}}