{"id":92446,"date":"2023-08-09T00:30:32","date_gmt":"2023-08-08T23:30:32","guid":{"rendered":"https:\/\/santepara.ma\/?product=neotone-gel-neottyant-150ml"},"modified":"2023-11-04T13:05:48","modified_gmt":"2023-11-04T12:05:48","slug":"neotone-gel-neottyant-150ml","status":"publish","type":"product","link":"https:\/\/santepara.ma\/?product=neotone-gel-neottyant-150ml","title":{"rendered":"NEOTONE GEL NEOTTYANT 150ML"},"content":{"rendered":"<p>Neotone Gel nettoie et exfolie votre peau en douceur pour vous apporter un teint plus homog\u00e8ne.<\/p>\n<p><strong>Conseils d&rsquo;utilisation :<\/strong><\/p>\n<p><strong>Sur visage et cou matin et soir<\/strong><\/p>\n<p>Appliquez Neotone Gel sur peau humide pour un teint plus unifi\u00e9 et \u00e9clatant.<\/p>\n<p>R\u00e9alisez un massage circulaire sur votre peau puis rincez abondamment \u00e0 l\u2019eau claire.<\/p>\n<p><strong>Test\u00e9 sous contr\u00f4le dermatologique<\/strong><\/p>\n<p>Le gel nettoyant et exfoliant de la gamme Neotone vous aide \u00e0 unifier votre teint et \u00e0 le rendre plus \u00e9clatant.<\/p>\n","protected":false},"excerpt":{"rendered":"<p class=\"sp_details--pathology\">Taches pigmentaires<\/p>\n<p class=\"sp_details--routine\">Corrige<\/p>\n","protected":false},"featured_media":92445,"comment_status":"open","ping_status":"closed","template":"","meta":{"_joinchat":[]},"pwb-brand":[840],"product_cat":[811,805],"product_tag":[],"brands":[{"id":840,"name":"ISISPHARMA","slug":"isispharma"}],"_links":{"self":[{"href":"https:\/\/santepara.ma\/index.php?rest_route=\/wp\/v2\/product\/92446"}],"collection":[{"href":"https:\/\/santepara.ma\/index.php?rest_route=\/wp\/v2\/product"}],"about":[{"href":"https:\/\/santepara.ma\/index.php?rest_route=\/wp\/v2\/types\/product"}],"replies":[{"embeddable":true,"href":"https:\/\/santepara.ma\/index.php?rest_route=%2Fwp%2Fv2%2Fcomments&post=92446"}],"wp:featuredmedia":[{"embeddable":true,"href":"https:\/\/santepara.ma\/index.php?rest_route=\/wp\/v2\/media\/92445"}],"wp:attachment":[{"href":"https:\/\/santepara.ma\/index.php?rest_route=%2Fwp%2Fv2%2Fmedia&parent=92446"}],"wp:term":[{"taxonomy":"pwb-brand","embeddable":true,"href":"https:\/\/santepara.ma\/index.php?rest_route=%2Fwp%2Fv2%2Fpwb-brand&post=92446"},{"taxonomy":"product_cat","embeddable":true,"href":"https:\/\/santepara.ma\/index.php?rest_route=%2Fwp%2Fv2%2Fproduct_cat&post=92446"},{"taxonomy":"product_tag","embeddable":true,"href":"https:\/\/santepara.ma\/index.php?rest_route=%2Fwp%2Fv2%2Fproduct_tag&post=92446"}],"curies":[{"name":"wp","href":"https:\/\/api.w.org\/{rel}","templated":true}]}}