{"id":92456,"date":"2023-08-09T00:30:37","date_gmt":"2023-08-08T23:30:37","guid":{"rendered":"https:\/\/santepara.ma\/?product=isispharma-ruboril-expert-m-gel-creme-anti-rougeurs-40ml"},"modified":"2024-06-25T09:47:15","modified_gmt":"2024-06-25T08:47:15","slug":"isispharma-ruboril-expert-m-gel-creme-anti-rougeurs-40ml","status":"publish","type":"product","link":"https:\/\/santepara.ma\/?product=isispharma-ruboril-expert-m-gel-creme-anti-rougeurs-40ml","title":{"rendered":"ISISPHARMA RUBORIL Expert M Gel Cr\u00e8me Anti Rougeurs 40ml"},"content":{"rendered":"<p>Ruboril Expert M gel-cr\u00e8me, aide \u00e0 lutter contre les rougeurs diffuses et les petits vaisseaux apparents.<\/p>\n<p><strong>Actifs principaux :<\/strong><\/p>\n<p>PR\u00c9SENTS DANS LE COMPLEXE \u03b2-CALM<\/p>\n<p>Extraits v\u00e9g\u00e9taux (petit houx, centella asiatica, calendula offinalis, marronnier d&rsquo;Inde, r\u00e9glisse)<\/p>\n<p>Apaisent et am\u00e9liorent la micro-circulation cutan\u00e9e.<\/p>\n<p>Vitamine B3<\/p>\n<p>Renforce la barri\u00e8re cutan\u00e9e.<\/p>\n<p>B\u00e9ta\u00efne ORIGINE NATURELLE<\/p>\n<p>Hydrate.<\/p>\n<p>Acide \u03b2-glycyrrhetinique ORIGINE NATURELLE<\/p>\n<p>Apaise.<\/p>\n<p>ET EN PLUS<\/p>\n<p>Huile camelia<\/p>\n<p>Hydrate.<\/p>\n<p>Cires de jojoba + mimosa + tournesol ORIGINE NATURELLE<\/p>\n<p>Hydratent et nourrissent.<\/p>\n<p><strong>Conseils d&rsquo;utilisation :<\/strong><\/p>\n<p><strong>Sur le visage et le cou<\/p>\n<p><\/strong>Appliquez le gel-cr\u00e8me Ruboril Expert M deux fois par jour, matin et soir.<\/p>\n<p>Utilisation facile et agr\u00e9able gr\u00e2ce \u00e0 sa texture fra\u00eeche, l\u00e9g\u00e8re et non collante, sp\u00e9cialement con\u00e7ue pour les peaux normales \u00e0 mixtes.<\/p>\n<p><strong>Tol\u00e9rance optimale<\/p>\n<p><\/strong>Non parfum\u00e9, ce gel-cr\u00e8me est a \u00e9t\u00e9 test\u00e9 sous contr\u00f4le dermatologique.<\/p>\n<p>&nbsp;<\/p>\n","protected":false},"excerpt":{"rendered":"<p class=\"sp_details--pathology\">Peaux sensibles \u00e0 rougeurs<\/p>\n<p class=\"sp_details--routine\">Corrige<\/p>\n","protected":false},"featured_media":92455,"comment_status":"open","ping_status":"closed","template":"","meta":{"_joinchat":[]},"pwb-brand":[840],"product_cat":[830,803,802],"product_tag":[],"brands":[{"id":840,"name":"ISISPHARMA","slug":"isispharma"}],"_links":{"self":[{"href":"https:\/\/santepara.ma\/index.php?rest_route=\/wp\/v2\/product\/92456"}],"collection":[{"href":"https:\/\/santepara.ma\/index.php?rest_route=\/wp\/v2\/product"}],"about":[{"href":"https:\/\/santepara.ma\/index.php?rest_route=\/wp\/v2\/types\/product"}],"replies":[{"embeddable":true,"href":"https:\/\/santepara.ma\/index.php?rest_route=%2Fwp%2Fv2%2Fcomments&post=92456"}],"wp:featuredmedia":[{"embeddable":true,"href":"https:\/\/santepara.ma\/index.php?rest_route=\/wp\/v2\/media\/92455"}],"wp:attachment":[{"href":"https:\/\/santepara.ma\/index.php?rest_route=%2Fwp%2Fv2%2Fmedia&parent=92456"}],"wp:term":[{"taxonomy":"pwb-brand","embeddable":true,"href":"https:\/\/santepara.ma\/index.php?rest_route=%2Fwp%2Fv2%2Fpwb-brand&post=92456"},{"taxonomy":"product_cat","embeddable":true,"href":"https:\/\/santepara.ma\/index.php?rest_route=%2Fwp%2Fv2%2Fproduct_cat&post=92456"},{"taxonomy":"product_tag","embeddable":true,"href":"https:\/\/santepara.ma\/index.php?rest_route=%2Fwp%2Fv2%2Fproduct_tag&post=92456"}],"curies":[{"name":"wp","href":"https:\/\/api.w.org\/{rel}","templated":true}]}}