{"id":92474,"date":"2023-08-09T00:30:40","date_gmt":"2023-08-08T23:30:40","guid":{"rendered":"https:\/\/santepara.ma\/?product=sensylia-creme-legere-40ml"},"modified":"2024-07-11T17:51:32","modified_gmt":"2024-07-11T16:51:32","slug":"sensylia-creme-legere-40ml","status":"publish","type":"product","link":"https:\/\/santepara.ma\/?product=sensylia-creme-legere-40ml","title":{"rendered":"SENSYLIA CREME LEGERE 40ML"},"content":{"rendered":"<p>Sensylia 24h l\u00e9g\u00e8re fluide, hydrate pendant 24h et apaise votre peau normale \u00e0 mixte au quotidien gr\u00e2ce au complexe HYDRACTIV.<\/p>\n<p>Retrouvez de la douceur et un bon confort cutan\u00e9 !<\/p>\n<p><strong>Cosneils d&rsquo;utilisation :<\/strong><\/p>\n<p><strong>Sur votre visage et votre cou<\/strong><\/p>\n<p>Appliquez Sensylia 24h l\u00e9g\u00e8re sur votre visage et votre cou chaque matin et\/ou chaque soir en faisant bien p\u00e9n\u00e9trer le fluide. Vous ressentirez imm\u00e9diatement une agr\u00e9able sensation de fra\u00eecheur.<\/p>\n<p><strong>Bon \u00e0 savoir<\/strong><\/p>\n<p>Gagnez du temps lors de votre routine du matin en utilisant directement le fluide comme base de maquillage. Si vous avez la peau s\u00e8che, nous vous recommandons plut\u00f4t la cr\u00e8me\u00a0<a href=\"https:\/\/www.isispharma.fr\/produit\/sensylia-24h\/\">Sensylia 24h.<\/a><\/p>\n<p><strong>Test\u00e9 sous contr\u00f4le dermatologique<\/strong><\/p>\n<p>Non com\u00e9dog\u00e8ne et convenant particuli\u00e8rement aux peaux normales \u00e0 mixtes gr\u00e2ce \u00e0 sa texture fluide et matifiante, le fluide hydratant Sensylia 24h l\u00e9g\u00e8re b\u00e9n\u00e9ficie d\u2019une tr\u00e8s bonne tol\u00e9rance. Il convient aussi bien \u00e0 la femme enceinte qu\u2019\u00e0 l\u2019enfant, \u00e0 partir de 3 ans.<\/p>\n<p>&nbsp;<\/p>\n","protected":false},"excerpt":{"rendered":"<p class=\"sp_details--pathology\"><strong>Peaux sensibles et d\u00e9shydrat\u00e9es<\/strong><\/p>\n<p class=\"sp_details--routine\"><strong>Corrige<\/strong><\/p>\n","protected":false},"featured_media":92473,"comment_status":"open","ping_status":"closed","template":"","meta":{"_joinchat":[]},"pwb-brand":[840],"product_cat":[803,839],"product_tag":[],"brands":[{"id":840,"name":"ISISPHARMA","slug":"isispharma"}],"_links":{"self":[{"href":"https:\/\/santepara.ma\/index.php?rest_route=\/wp\/v2\/product\/92474"}],"collection":[{"href":"https:\/\/santepara.ma\/index.php?rest_route=\/wp\/v2\/product"}],"about":[{"href":"https:\/\/santepara.ma\/index.php?rest_route=\/wp\/v2\/types\/product"}],"replies":[{"embeddable":true,"href":"https:\/\/santepara.ma\/index.php?rest_route=%2Fwp%2Fv2%2Fcomments&post=92474"}],"wp:featuredmedia":[{"embeddable":true,"href":"https:\/\/santepara.ma\/index.php?rest_route=\/wp\/v2\/media\/92473"}],"wp:attachment":[{"href":"https:\/\/santepara.ma\/index.php?rest_route=%2Fwp%2Fv2%2Fmedia&parent=92474"}],"wp:term":[{"taxonomy":"pwb-brand","embeddable":true,"href":"https:\/\/santepara.ma\/index.php?rest_route=%2Fwp%2Fv2%2Fpwb-brand&post=92474"},{"taxonomy":"product_cat","embeddable":true,"href":"https:\/\/santepara.ma\/index.php?rest_route=%2Fwp%2Fv2%2Fproduct_cat&post=92474"},{"taxonomy":"product_tag","embeddable":true,"href":"https:\/\/santepara.ma\/index.php?rest_route=%2Fwp%2Fv2%2Fproduct_tag&post=92474"}],"curies":[{"name":"wp","href":"https:\/\/api.w.org\/{rel}","templated":true}]}}