{"id":92480,"date":"2023-08-09T00:30:46","date_gmt":"2023-08-08T23:30:46","guid":{"rendered":"https:\/\/santepara.ma\/?product=isispharma-teen-derm-aqua-solution-micellaire-purifiante-250ml"},"modified":"2026-03-02T13:12:03","modified_gmt":"2026-03-02T12:12:03","slug":"isispharma-teen-derm-aqua-solution-micellaire-purifiante-250ml","status":"publish","type":"product","link":"https:\/\/santepara.ma\/?product=isispharma-teen-derm-aqua-solution-micellaire-purifiante-250ml","title":{"rendered":"ISISPHARMA TEEN DERM Aqua Solution Micellaire Purifiante 250ml"},"content":{"rendered":"<p>Teen Derm Aqua nettoie et purifie votre peau tout en r\u00e9duisant visiblement vos imperfections disgracieuses.<\/p>\n<p><strong>Conseils d&rsquo;utilisation :<\/strong><\/p>\n<p><strong>Sur le visage et le cou<\/p>\n<p><\/strong>Appliquez Teen Derm Aqua, matin et soir, \u00e0 l\u2019aide d\u2019un coton imbib\u00e9 pour nettoyer et d\u00e9maquiller en douceur et \u00e9liminer l\u2019exc\u00e8s de sebum. Vous n\u2019avez pas besoin\u00a0de rincer.<\/p>\n<p><strong>Test\u00e9 dermatologiquement<\/strong><\/p>\n<p>La solution micellaire a \u00e9t\u00e9 formul\u00e9e de mani\u00e8re \u00e0 respecter le pH physiologique, ce qui lui garantit une haute tol\u00e9rance.<\/p>\n","protected":false},"excerpt":{"rendered":"<p class=\"sp_details--pathology\"><strong>Peaux grasses \u00e0 imperfections<\/strong><\/p>\n<p class=\"sp_details--routine\"><strong>Nettoie<\/strong><\/p>\n","protected":false},"featured_media":92479,"comment_status":"open","ping_status":"closed","template":"","meta":{"_joinchat":[]},"pwb-brand":[840],"product_cat":[811,839],"product_tag":[],"brands":[{"id":840,"name":"ISISPHARMA","slug":"isispharma"}],"_links":{"self":[{"href":"https:\/\/santepara.ma\/index.php?rest_route=\/wp\/v2\/product\/92480"}],"collection":[{"href":"https:\/\/santepara.ma\/index.php?rest_route=\/wp\/v2\/product"}],"about":[{"href":"https:\/\/santepara.ma\/index.php?rest_route=\/wp\/v2\/types\/product"}],"replies":[{"embeddable":true,"href":"https:\/\/santepara.ma\/index.php?rest_route=%2Fwp%2Fv2%2Fcomments&post=92480"}],"wp:featuredmedia":[{"embeddable":true,"href":"https:\/\/santepara.ma\/index.php?rest_route=\/wp\/v2\/media\/92479"}],"wp:attachment":[{"href":"https:\/\/santepara.ma\/index.php?rest_route=%2Fwp%2Fv2%2Fmedia&parent=92480"}],"wp:term":[{"taxonomy":"pwb-brand","embeddable":true,"href":"https:\/\/santepara.ma\/index.php?rest_route=%2Fwp%2Fv2%2Fpwb-brand&post=92480"},{"taxonomy":"product_cat","embeddable":true,"href":"https:\/\/santepara.ma\/index.php?rest_route=%2Fwp%2Fv2%2Fproduct_cat&post=92480"},{"taxonomy":"product_tag","embeddable":true,"href":"https:\/\/santepara.ma\/index.php?rest_route=%2Fwp%2Fv2%2Fproduct_tag&post=92480"}],"curies":[{"name":"wp","href":"https:\/\/api.w.org\/{rel}","templated":true}]}}