{"id":92488,"date":"2023-08-09T00:30:48","date_gmt":"2023-08-08T23:30:48","guid":{"rendered":"https:\/\/santepara.ma\/?product=isispharma-teen-derm-hydra-40ml"},"modified":"2025-02-01T09:51:37","modified_gmt":"2025-02-01T08:51:37","slug":"isispharma-teen-derm-hydra-40ml","status":"publish","type":"product","link":"https:\/\/santepara.ma\/?product=isispharma-teen-derm-hydra-40ml","title":{"rendered":"ISISPHARMA TEEN DERM Hydra 40ml"},"content":{"rendered":"<p>Teen Derm Hydra soin compensateur, renforce l\u2019hydratation de votre peau fragilis\u00e9e par les traitements de l\u2019acn\u00e9.<\/p>\n<p><strong>Conseils d&rsquo;utilisation :<\/strong><\/p>\n<p>Utilisez Teen Derm Hydra matin et soir, sur les zones pr\u00e9alablement nettoy\u00e9s avec Teen Derm Gel sensitive et consciencieusement s\u00e9ch\u00e9.<\/p>\n<p>Sa texture fluide contribue \u00e0 faciliter l\u2019application quotidienne du soin. En seulement quelques applications, la peau est apais\u00e9e et retrouve sa souplesse.<\/p>\n<p>Test\u00e9 sous contr\u00f4le dermatologique<\/p>\n<p>Non com\u00e9dog\u00e8ne, ce soin respecte le pH physiologique, ce qui lui conf\u00e8re une tr\u00e8s haute tol\u00e9rance.<\/p>\n<p>&nbsp;<\/p>\n","protected":false},"excerpt":{"rendered":"<p><strong>Hydratant compensateur apaisant<\/strong><\/p>\n<p><strong>Peaux grasses \u00e0 imperfections<\/strong><\/p>\n","protected":false},"featured_media":92487,"comment_status":"open","ping_status":"closed","template":"","meta":{"_joinchat":[]},"pwb-brand":[840],"product_cat":[803,839],"product_tag":[],"brands":[{"id":840,"name":"ISISPHARMA","slug":"isispharma"}],"_links":{"self":[{"href":"https:\/\/santepara.ma\/index.php?rest_route=\/wp\/v2\/product\/92488"}],"collection":[{"href":"https:\/\/santepara.ma\/index.php?rest_route=\/wp\/v2\/product"}],"about":[{"href":"https:\/\/santepara.ma\/index.php?rest_route=\/wp\/v2\/types\/product"}],"replies":[{"embeddable":true,"href":"https:\/\/santepara.ma\/index.php?rest_route=%2Fwp%2Fv2%2Fcomments&post=92488"}],"wp:featuredmedia":[{"embeddable":true,"href":"https:\/\/santepara.ma\/index.php?rest_route=\/wp\/v2\/media\/92487"}],"wp:attachment":[{"href":"https:\/\/santepara.ma\/index.php?rest_route=%2Fwp%2Fv2%2Fmedia&parent=92488"}],"wp:term":[{"taxonomy":"pwb-brand","embeddable":true,"href":"https:\/\/santepara.ma\/index.php?rest_route=%2Fwp%2Fv2%2Fpwb-brand&post=92488"},{"taxonomy":"product_cat","embeddable":true,"href":"https:\/\/santepara.ma\/index.php?rest_route=%2Fwp%2Fv2%2Fproduct_cat&post=92488"},{"taxonomy":"product_tag","embeddable":true,"href":"https:\/\/santepara.ma\/index.php?rest_route=%2Fwp%2Fv2%2Fproduct_tag&post=92488"}],"curies":[{"name":"wp","href":"https:\/\/api.w.org\/{rel}","templated":true}]}}