{"id":92490,"date":"2023-08-09T00:30:49","date_gmt":"2023-08-08T23:30:49","guid":{"rendered":"https:\/\/santepara.ma\/?product=teen-derm-k-correcteur-anti-imperfec"},"modified":"2026-03-02T13:09:25","modified_gmt":"2026-03-02T12:09:25","slug":"teen-derm-k-correcteur-anti-imperfec","status":"publish","type":"product","link":"https:\/\/santepara.ma\/?product=teen-derm-k-correcteur-anti-imperfec","title":{"rendered":"TEEN DERM K CORRECTEUR ANTI IMPERFEC"},"content":{"rendered":"<p>Teen Derm K aide votre peau \u00e0 se d\u00e9barrasser des imperfections et points noirs gr\u00e2ce au complexe actif \u03b1-PURE de ce gel cr\u00e8me.<\/p>\n<p><strong>Conseils d&rsquo;utilisation :<\/strong><\/p>\n<p><strong>Sur l\u2019ensemble du visage<\/strong><\/p>\n<p>Appliquez quotidiennement Teen Derm K le matin. Pour maximiser son efficacit\u00e9, vous pouvez l\u2019associer avec le soin de nuit Teen Derm K concentrate et un nettoyant de la gamme.<\/p>\n<p>Gr\u00e2ce \u00e0 sa texture gel-cr\u00e8me non grasse, La peau est lisse, nette, fra\u00eeche et apais\u00e9e.<\/p>\n<p><strong>Test\u00e9e dermatologiquement<\/strong><\/p>\n<p>Tol\u00e9rance optimale.<\/p>\n<p>Adapt\u00e9 aux adultes et adolescents.<\/p>\n","protected":false},"excerpt":{"rendered":"<p class=\"sp_details--pathology\">Peaux grasses \u00e0 imperfections<\/p>\n<p class=\"sp_details--routine\">Corrige<\/p>\n<div class=\"sp_details--authorized\">\n<div class=\"sp_details--authorized-item sp_details--authorized-baby\"><\/div>\n<div class=\"sp_details--authorized-item sp_details--authorized-child\"><\/div>\n<div class=\"sp_details--authorized-item sp_details--authorized-adult active\"><\/div>\n<div class=\"sp_details--authorized-item sp_details--authorized-pregnant\"><\/div>\n<\/div>\n","protected":false},"featured_media":92489,"comment_status":"open","ping_status":"closed","template":"","meta":{"_joinchat":[]},"pwb-brand":[840],"product_cat":[802,839],"product_tag":[],"brands":[{"id":840,"name":"ISISPHARMA","slug":"isispharma"}],"_links":{"self":[{"href":"https:\/\/santepara.ma\/index.php?rest_route=\/wp\/v2\/product\/92490"}],"collection":[{"href":"https:\/\/santepara.ma\/index.php?rest_route=\/wp\/v2\/product"}],"about":[{"href":"https:\/\/santepara.ma\/index.php?rest_route=\/wp\/v2\/types\/product"}],"replies":[{"embeddable":true,"href":"https:\/\/santepara.ma\/index.php?rest_route=%2Fwp%2Fv2%2Fcomments&post=92490"}],"wp:featuredmedia":[{"embeddable":true,"href":"https:\/\/santepara.ma\/index.php?rest_route=\/wp\/v2\/media\/92489"}],"wp:attachment":[{"href":"https:\/\/santepara.ma\/index.php?rest_route=%2Fwp%2Fv2%2Fmedia&parent=92490"}],"wp:term":[{"taxonomy":"pwb-brand","embeddable":true,"href":"https:\/\/santepara.ma\/index.php?rest_route=%2Fwp%2Fv2%2Fpwb-brand&post=92490"},{"taxonomy":"product_cat","embeddable":true,"href":"https:\/\/santepara.ma\/index.php?rest_route=%2Fwp%2Fv2%2Fproduct_cat&post=92490"},{"taxonomy":"product_tag","embeddable":true,"href":"https:\/\/santepara.ma\/index.php?rest_route=%2Fwp%2Fv2%2Fproduct_tag&post=92490"}],"curies":[{"name":"wp","href":"https:\/\/api.w.org\/{rel}","templated":true}]}}