{"id":93883,"date":"2023-10-27T23:48:26","date_gmt":"2023-10-27T22:48:26","guid":{"rendered":"https:\/\/santepara.ma\/?post_type=product&#038;p=93883"},"modified":"2026-02-24T16:04:03","modified_gmt":"2026-02-24T15:04:03","slug":"eucerin-dermopure-triple-effect-serum-40ml","status":"publish","type":"product","link":"https:\/\/santepara.ma\/?product=eucerin-dermopure-triple-effect-serum-40ml","title":{"rendered":"Eucerin Dermopure Triple Effect Serum 40ml"},"content":{"rendered":"<p><strong>Eucerin DERMOPURE Oil Control Triple Effect Serum<\/strong>est un s\u00e9rum pour le visage qui contr\u00f4le l\u2019exc\u00e8s de brillance et r\u00e9duit visiblement les marques post-acn\u00e9 tout en pr\u00e9venant les imperfections.\u00a0La texture est l\u00e9g\u00e8re et non grasse, id\u00e9ale pour les peaux sujettes aux imperfections.<\/p>\n<p>D\u00e9livrant une action \u00e0 la fois correctrice et matifiante, ce s\u00e9rum non gras parvient \u00e0 vaincre les marques post-acn\u00e9iques.\u00a0Contenant du thiamidol, il agit \u00e0 l\u2019origine de l\u2019hyperpigmentation afin de minimiser l\u2019apparition de taches d\u2019acn\u00e9 fonc\u00e9es.\u00a0De plus, l\u2019acide salicylique d\u00e9livre une action antibact\u00e9rienne et com\u00e9dolytique pour r\u00e9duire les imperfections tandis que la licochalcone A r\u00e9duit les rougeurs et calme les petites inflammations.\u00a0Appliquer le s\u00e9rum matin et soir pour matifier la peau tout au long de la journ\u00e9e.\u00a0A long terme, la peau se r\u00e9v\u00e8le plus uniforme et l\u2019apparence des marques post-acn\u00e9 est visiblement att\u00e9nu\u00e9e, surtout si elle est associ\u00e9e \u00e0<strong>Eucerin DERMOPURE Oil Control Protective Fluid SPF30<\/strong>.\u00a0Des \u00e9tudes cliniques ont \u00e9t\u00e9 men\u00e9es combinant l\u2019action des deux produits, avec des r\u00e9sultats prometteurs de 95% de marques post-acn\u00e9 en moins apr\u00e8s huit semaines.<\/p>\n","protected":false},"excerpt":{"rendered":"<p><strong>Eucerin DERMOPURE Oil Control Triple Effect Serum<\/strong>est un s\u00e9rum pour le visage qui contr\u00f4le l\u2019exc\u00e8s de brillance et r\u00e9duit visiblement les marques post-acn\u00e9 tout en pr\u00e9venant les imperfections.\u00a0La texture est l\u00e9g\u00e8re et non grasse, id\u00e9ale pour les peaux sujettes aux imperfections.<\/p>\n","protected":false},"featured_media":93871,"comment_status":"closed","ping_status":"closed","template":"","meta":{"_joinchat":[]},"pwb-brand":[328],"product_cat":[164],"product_tag":[],"brands":[{"id":328,"name":"EUCERIN","slug":"eucerin"}],"_links":{"self":[{"href":"https:\/\/santepara.ma\/index.php?rest_route=\/wp\/v2\/product\/93883"}],"collection":[{"href":"https:\/\/santepara.ma\/index.php?rest_route=\/wp\/v2\/product"}],"about":[{"href":"https:\/\/santepara.ma\/index.php?rest_route=\/wp\/v2\/types\/product"}],"replies":[{"embeddable":true,"href":"https:\/\/santepara.ma\/index.php?rest_route=%2Fwp%2Fv2%2Fcomments&post=93883"}],"wp:featuredmedia":[{"embeddable":true,"href":"https:\/\/santepara.ma\/index.php?rest_route=\/wp\/v2\/media\/93871"}],"wp:attachment":[{"href":"https:\/\/santepara.ma\/index.php?rest_route=%2Fwp%2Fv2%2Fmedia&parent=93883"}],"wp:term":[{"taxonomy":"pwb-brand","embeddable":true,"href":"https:\/\/santepara.ma\/index.php?rest_route=%2Fwp%2Fv2%2Fpwb-brand&post=93883"},{"taxonomy":"product_cat","embeddable":true,"href":"https:\/\/santepara.ma\/index.php?rest_route=%2Fwp%2Fv2%2Fproduct_cat&post=93883"},{"taxonomy":"product_tag","embeddable":true,"href":"https:\/\/santepara.ma\/index.php?rest_route=%2Fwp%2Fv2%2Fproduct_tag&post=93883"}],"curies":[{"name":"wp","href":"https:\/\/api.w.org\/{rel}","templated":true}]}}